{"id":807,"date":"2019-03-25T22:34:30","date_gmt":"2019-03-25T21:34:30","guid":{"rendered":"http:\/\/chadichabib.com\/?page_id=807"},"modified":"2023-05-20T01:29:05","modified_gmt":"2023-05-19T23:29:05","slug":"me-soutenir","status":"publish","type":"page","link":"http:\/\/chadichabib.com\/en\/me-soutenir\/","title":{"rendered":"Me Soutenir"},"content":{"rendered":"<p> Comme vous le saviez surement, cette aventure est avant tout une grande passion que je vis pleinement et que j&rsquo;ai plaisir \u00e0 partager avec vous. Elle demande bien \u00e9videment beaucoup d&rsquo;investissement et de sacrifices pour continuer \u00e0 vous proposer des projets et des vid\u00e9os de plus en plus qualitatives.  <\/p>\n\n\n\n<p>Sur cette page vous avez l&rsquo;ensemble des mani\u00e8res pour aider, chacun \u00e0 sa mani\u00e8re et selon ses envies et ses moyens. votre aide permettra d&rsquo;aider dans le financement des projets et des vid\u00e9os, d&rsquo;investir dans un meilleur mat\u00e9riel de tournage (image, son ..) et de permettre \u00e0 la cha\u00eene d&rsquo;\u00eatre mieux r\u00e9f\u00e9renc\u00e9e. <\/p>\n\n\n\n<hr class=\"wp-block-separator has-css-opacity is-style-wide\"\/>\n\n\n\n<p class=\"has-huge-font-size\"><strong>Liens d&rsquo;affiliation <\/strong><\/p>\n\n\n\n<p>Si vous souhaitez refaire les projets et les cr\u00e9ations que je partage, vous avez la possibilit\u00e9 d&rsquo;acheter ces produits ou m\u00eame d&rsquo;acheter d&rsquo;autres produits que vous souhaitez en passant par les liens d&rsquo;affiliation ci-dessous, cela n&rsquo;aura aucun impact sur le prix d&rsquo;achat pour vous et le prix reste le m\u00eame que si vous passiez par le site directement.<\/p>\n\n\n\n<p>Cliquez sur l&rsquo;image du site o\u00f9 vous souhaitez faire vos achats : <\/p>\n\n\n<div class=\"wp-block-image\">\n<figure class=\"aligncenter\"><a href=\"https:\/\/amzn.to\/2YqPYLY\" target=\"_blank\" rel=\"noreferrer noopener\"><img loading=\"lazy\" decoding=\"async\" width=\"300\" height=\"103\" src=\"http:\/\/chadichabib.com\/wp-content\/uploads\/2019\/03\/Logo-Amazon-300x103.png\" alt=\"\" class=\"wp-image-823\" srcset=\"http:\/\/chadichabib.com\/wp-content\/uploads\/2019\/03\/Logo-Amazon-300x103.png 300w, http:\/\/chadichabib.com\/wp-content\/uploads\/2019\/03\/Logo-Amazon.png 560w\" sizes=\"(max-width: 300px) 100vw, 300px\" \/><\/a><\/figure><\/div>\n\n<div class=\"wp-block-image\">\n<figure class=\"aligncenter size-medium\"><a href=\"https:\/\/www.banggood.com\/custlink\/DDGy5jqHbZ\" target=\"_blank\" rel=\"noreferrer noopener\"><img loading=\"lazy\" decoding=\"async\" width=\"300\" height=\"169\" src=\"http:\/\/chadichabib.com\/wp-content\/uploads\/2020\/11\/Banggood-Logo-300x169.png\" alt=\"\" class=\"wp-image-1158\" srcset=\"http:\/\/chadichabib.com\/wp-content\/uploads\/2020\/11\/Banggood-Logo-300x169.png 300w, http:\/\/chadichabib.com\/wp-content\/uploads\/2020\/11\/Banggood-Logo-1024x576.png 1024w, http:\/\/chadichabib.com\/wp-content\/uploads\/2020\/11\/Banggood-Logo-768x432.png 768w, http:\/\/chadichabib.com\/wp-content\/uploads\/2020\/11\/Banggood-Logo-16x9.png 16w, http:\/\/chadichabib.com\/wp-content\/uploads\/2020\/11\/Banggood-Logo-600x338.png 600w, http:\/\/chadichabib.com\/wp-content\/uploads\/2020\/11\/Banggood-Logo.png 1280w\" sizes=\"(max-width: 300px) 100vw, 300px\" \/><\/a><\/figure><\/div>\n\n<div class=\"wp-block-image\">\n<figure class=\"aligncenter size-medium\"><a href=\"https:\/\/s.click.aliexpress.com\/e\/_AAWPpM\" target=\"_blank\" rel=\"noreferrer noopener\"><img loading=\"lazy\" decoding=\"async\" width=\"300\" height=\"169\" src=\"http:\/\/chadichabib.com\/wp-content\/uploads\/2020\/11\/AliExpress-Logo-300x169.png\" alt=\"\" class=\"wp-image-1157\" srcset=\"http:\/\/chadichabib.com\/wp-content\/uploads\/2020\/11\/AliExpress-Logo-300x169.png 300w, http:\/\/chadichabib.com\/wp-content\/uploads\/2020\/11\/AliExpress-Logo-1024x576.png 1024w, http:\/\/chadichabib.com\/wp-content\/uploads\/2020\/11\/AliExpress-Logo-768x432.png 768w, http:\/\/chadichabib.com\/wp-content\/uploads\/2020\/11\/AliExpress-Logo-16x9.png 16w, http:\/\/chadichabib.com\/wp-content\/uploads\/2020\/11\/AliExpress-Logo-600x338.png 600w, http:\/\/chadichabib.com\/wp-content\/uploads\/2020\/11\/AliExpress-Logo.png 1280w\" sizes=\"(max-width: 300px) 100vw, 300px\" \/><\/a><\/figure><\/div>\n\n\n<hr class=\"wp-block-separator has-css-opacity is-style-wide\"\/>\n\n\n\n<p class=\"has-huge-font-size\"><strong>Devenir Membre Officiel de la Cha\u00eene<\/strong> <\/p>\n\n\n\n<p>Vous pouvez \u00e0 pr\u00e9sent Souscrire \u00e0 la cha\u00eene et devenir Membre Soutien Officiel et ainsi b\u00e9n\u00e9ficier d&rsquo;avantages exclusifs comme l&rsquo;acc\u00e8s \u00e0 mes plans et mes croquis, \u00eatre cit\u00e9 en fin de vid\u00e9o, certains posts ou certaines vid\u00e9os exclusives ou en avant premi\u00e8re&#8230; <\/p>\n\n\n\n<div class=\"wp-block-buttons is-content-justification-center is-layout-flex wp-container-core-buttons-is-layout-1 wp-block-buttons-is-layout-flex\">\n<div class=\"wp-block-button\"><a class=\"wp-block-button__link\" href=\"https:\/\/www.youtube.com\/channel\/UCAca2M-tV6JIp2er0fCfzjg\/join\" target=\"_blank\" rel=\"noreferrer noopener\">Devenir Membre Officiel <\/a><\/div>\n<\/div>\n\n\n\n<hr class=\"wp-block-separator has-css-opacity is-style-wide\"\/>\n\n\n\n<p class=\"has-huge-font-size\"><strong>S&rsquo;abonner \u00e0 ma Cha\u00eene<\/strong><\/p>\n\n\n\n<p>Il existe bien \u00e9videment d&rsquo;autres mani\u00e8res pour m&rsquo;aider dans cette aventure tout simplement en vous abonnant \u00e0 ma cha\u00eene <a href=\"https:\/\/www.youtube.com\/c\/chadichabib?sub_confirmation=1\" target=\"_blank\" rel=\"noreferrer noopener\">YouTube<\/a> et en partageant et commentant mes vid\u00e9os et laissant des Pouces d&rsquo;encouragement. <\/p>\n\n\n\n<div class=\"wp-block-buttons is-content-justification-center is-layout-flex wp-container-core-buttons-is-layout-2 wp-block-buttons-is-layout-flex\">\n<div class=\"wp-block-button\"><a class=\"wp-block-button__link\" href=\"https:\/\/www.youtube.com\/c\/chadichabib?sub_confirmation=1\" target=\"_blank\" rel=\"noreferrer noopener\">S&rsquo;abonner \u00e0 la Cha\u00eene<\/a><\/div>\n<\/div>\n\n\n\n<p><\/p>\n\n\n\n<p><\/p>\n\n\n\n<p>Cette aventure je la vis avec vous et elle grandira grace \u00e0 vous alors merci du fond du c\u0153ur.<\/p>\n\n\n\n<p><\/p>\n\n\n\n<p>PS(D&rsquo;autres possibilit\u00e9s de soutien seront bient\u00f4t \u00e0 venir comme Patreon et Tipeee)<\/p>\n\n\n\n<hr class=\"wp-block-separator has-css-opacity is-style-wide\"\/>\n\n\n\n<hr class=\"wp-block-separator has-css-opacity is-style-wide\"\/>\n\n\n\n<p><\/p>","protected":false},"excerpt":{"rendered":"<p>Comme vous le saviez surement, cette aventure est avant tout une grande passion que je vis pleinement et que j&rsquo;ai plaisir \u00e0 partager avec vous. Elle demande bien \u00e9videment beaucoup d&rsquo;investissement et de sacrifices pour continuer \u00e0 vous proposer des projets et des vid\u00e9os de plus en plus qualitatives. Sur [&hellip;]<\/p>","protected":false},"author":1,"featured_media":661,"parent":0,"menu_order":0,"comment_status":"closed","ping_status":"closed","template":"","meta":{"_themeisle_gutenberg_block_has_review":false,"footnotes":""},"yoast_head":"<!-- This site is optimized with the Yoast SEO plugin v19.5.1 - https:\/\/yoast.com\/wordpress\/plugins\/seo\/ -->\n<title>Me Soutenir - Chadi Chabib<\/title>\n<meta name=\"description\" content=\"Si vous aimez mon contenu, vous avez la possibilit\u00e9 de me soutenir et me permettre de continuer \u00e0 vous proposer des vid\u00e9os de qualit\u00e9s\" \/>\n<meta name=\"robots\" content=\"index, follow, max-snippet:-1, max-image-preview:large, max-video-preview:-1\" \/>\n<link rel=\"canonical\" href=\"http:\/\/chadichabib.com\/en\/me-soutenir\/\" \/>\n<meta property=\"og:locale\" content=\"en_US\" \/>\n<meta property=\"og:type\" content=\"article\" \/>\n<meta property=\"og:title\" content=\"Me Soutenir - Chadi Chabib\" \/>\n<meta property=\"og:description\" content=\"Si vous aimez mon contenu, vous avez la possibilit\u00e9 de me soutenir et me permettre de continuer \u00e0 vous proposer des vid\u00e9os de qualit\u00e9s\" \/>\n<meta property=\"og:url\" content=\"http:\/\/chadichabib.com\/en\/me-soutenir\/\" \/>\n<meta property=\"og:site_name\" content=\"Chadi Chabib\" \/>\n<meta property=\"article:modified_time\" content=\"2023-05-19T23:29:05+00:00\" \/>\n<meta property=\"og:image\" content=\"http:\/\/chadichabib.com\/wp-content\/uploads\/2019\/03\/Ent\u00eate-Site-internet.jpg\" \/>\n\t<meta property=\"og:image:width\" content=\"2299\" \/>\n\t<meta property=\"og:image:height\" content=\"1338\" \/>\n\t<meta property=\"og:image:type\" content=\"image\/jpeg\" \/>\n<meta name=\"twitter:card\" content=\"summary\" \/>\n<meta name=\"twitter:label1\" content=\"Est. reading time\" \/>\n\t<meta name=\"twitter:data1\" content=\"3 minutes\" \/>\n<script type=\"application\/ld+json\" class=\"yoast-schema-graph\">{\"@context\":\"https:\/\/schema.org\",\"@graph\":[{\"@type\":\"WebPage\",\"@id\":\"http:\/\/chadichabib.com\/me-soutenir\/\",\"url\":\"http:\/\/chadichabib.com\/me-soutenir\/\",\"name\":\"Me Soutenir - Chadi Chabib\",\"isPartOf\":{\"@id\":\"http:\/\/chadichabib.com\/#website\"},\"datePublished\":\"2019-03-25T21:34:30+00:00\",\"dateModified\":\"2023-05-19T23:29:05+00:00\",\"description\":\"Si vous aimez mon contenu, vous avez la possibilit\u00e9 de me soutenir et me permettre de continuer \u00e0 vous proposer des vid\u00e9os de qualit\u00e9s\",\"breadcrumb\":{\"@id\":\"http:\/\/chadichabib.com\/me-soutenir\/#breadcrumb\"},\"inLanguage\":\"en-US\",\"potentialAction\":[{\"@type\":\"ReadAction\",\"target\":[\"http:\/\/chadichabib.com\/me-soutenir\/\"]}]},{\"@type\":\"BreadcrumbList\",\"@id\":\"http:\/\/chadichabib.com\/me-soutenir\/#breadcrumb\",\"itemListElement\":[{\"@type\":\"ListItem\",\"position\":1,\"name\":\"Accueil\",\"item\":\"http:\/\/chadichabib.com\/\"},{\"@type\":\"ListItem\",\"position\":2,\"name\":\"Me Soutenir\"}]},{\"@type\":\"WebSite\",\"@id\":\"http:\/\/chadichabib.com\/#website\",\"url\":\"http:\/\/chadichabib.com\/\",\"name\":\"Chadi Chabib\",\"description\":\"Artisan, Cr\u00e9ateur, Designer\",\"publisher\":{\"@id\":\"http:\/\/chadichabib.com\/#\/schema\/person\/1c233f45f2e430b963ddcb065decdf4d\"},\"potentialAction\":[{\"@type\":\"SearchAction\",\"target\":{\"@type\":\"EntryPoint\",\"urlTemplate\":\"http:\/\/chadichabib.com\/?s={search_term_string}\"},\"query-input\":\"required name=search_term_string\"}],\"inLanguage\":\"en-US\"},{\"@type\":[\"Person\",\"Organization\"],\"@id\":\"http:\/\/chadichabib.com\/#\/schema\/person\/1c233f45f2e430b963ddcb065decdf4d\",\"name\":\"Chadi\",\"image\":{\"@type\":\"ImageObject\",\"inLanguage\":\"en-US\",\"@id\":\"http:\/\/chadichabib.com\/#\/schema\/person\/image\/\",\"url\":\"http:\/\/chadichabib.com\/wp-content\/uploads\/2019\/03\/cropped-LOGO-CHADI-CHABIB.png\",\"contentUrl\":\"http:\/\/chadichabib.com\/wp-content\/uploads\/2019\/03\/cropped-LOGO-CHADI-CHABIB.png\",\"width\":508,\"height\":508,\"caption\":\"Chadi\"},\"logo\":{\"@id\":\"http:\/\/chadichabib.com\/#\/schema\/person\/image\/\"}}]}<\/script>\n<!-- \/ Yoast SEO plugin. -->","yoast_head_json":{"title":"Me Soutenir - Chadi Chabib","description":"Si vous aimez mon contenu, vous avez la possibilit\u00e9 de me soutenir et me permettre de continuer \u00e0 vous proposer des vid\u00e9os de qualit\u00e9s","robots":{"index":"index","follow":"follow","max-snippet":"max-snippet:-1","max-image-preview":"max-image-preview:large","max-video-preview":"max-video-preview:-1"},"canonical":"http:\/\/chadichabib.com\/en\/me-soutenir\/","og_locale":"en_US","og_type":"article","og_title":"Me Soutenir - Chadi Chabib","og_description":"Si vous aimez mon contenu, vous avez la possibilit\u00e9 de me soutenir et me permettre de continuer \u00e0 vous proposer des vid\u00e9os de qualit\u00e9s","og_url":"http:\/\/chadichabib.com\/en\/me-soutenir\/","og_site_name":"Chadi Chabib","article_modified_time":"2023-05-19T23:29:05+00:00","og_image":[{"width":2299,"height":1338,"url":"http:\/\/chadichabib.com\/wp-content\/uploads\/2019\/03\/Ent\u00eate-Site-internet.jpg","type":"image\/jpeg"}],"twitter_card":"summary","twitter_misc":{"Est. reading time":"3 minutes"},"schema":{"@context":"https:\/\/schema.org","@graph":[{"@type":"WebPage","@id":"http:\/\/chadichabib.com\/me-soutenir\/","url":"http:\/\/chadichabib.com\/me-soutenir\/","name":"Me Soutenir - Chadi Chabib","isPartOf":{"@id":"http:\/\/chadichabib.com\/#website"},"datePublished":"2019-03-25T21:34:30+00:00","dateModified":"2023-05-19T23:29:05+00:00","description":"Si vous aimez mon contenu, vous avez la possibilit\u00e9 de me soutenir et me permettre de continuer \u00e0 vous proposer des vid\u00e9os de qualit\u00e9s","breadcrumb":{"@id":"http:\/\/chadichabib.com\/me-soutenir\/#breadcrumb"},"inLanguage":"en-US","potentialAction":[{"@type":"ReadAction","target":["http:\/\/chadichabib.com\/me-soutenir\/"]}]},{"@type":"BreadcrumbList","@id":"http:\/\/chadichabib.com\/me-soutenir\/#breadcrumb","itemListElement":[{"@type":"ListItem","position":1,"name":"Accueil","item":"http:\/\/chadichabib.com\/"},{"@type":"ListItem","position":2,"name":"Me Soutenir"}]},{"@type":"WebSite","@id":"http:\/\/chadichabib.com\/#website","url":"http:\/\/chadichabib.com\/","name":"Chadi Chabib","description":"Artisan, Cr\u00e9ateur, Designer","publisher":{"@id":"http:\/\/chadichabib.com\/#\/schema\/person\/1c233f45f2e430b963ddcb065decdf4d"},"potentialAction":[{"@type":"SearchAction","target":{"@type":"EntryPoint","urlTemplate":"http:\/\/chadichabib.com\/?s={search_term_string}"},"query-input":"required name=search_term_string"}],"inLanguage":"en-US"},{"@type":["Person","Organization"],"@id":"http:\/\/chadichabib.com\/#\/schema\/person\/1c233f45f2e430b963ddcb065decdf4d","name":"Chadi","image":{"@type":"ImageObject","inLanguage":"en-US","@id":"http:\/\/chadichabib.com\/#\/schema\/person\/image\/","url":"http:\/\/chadichabib.com\/wp-content\/uploads\/2019\/03\/cropped-LOGO-CHADI-CHABIB.png","contentUrl":"http:\/\/chadichabib.com\/wp-content\/uploads\/2019\/03\/cropped-LOGO-CHADI-CHABIB.png","width":508,"height":508,"caption":"Chadi"},"logo":{"@id":"http:\/\/chadichabib.com\/#\/schema\/person\/image\/"}}]}},"_links":{"self":[{"href":"http:\/\/chadichabib.com\/en\/wp-json\/wp\/v2\/pages\/807"}],"collection":[{"href":"http:\/\/chadichabib.com\/en\/wp-json\/wp\/v2\/pages"}],"about":[{"href":"http:\/\/chadichabib.com\/en\/wp-json\/wp\/v2\/types\/page"}],"author":[{"embeddable":true,"href":"http:\/\/chadichabib.com\/en\/wp-json\/wp\/v2\/users\/1"}],"replies":[{"embeddable":true,"href":"http:\/\/chadichabib.com\/en\/wp-json\/wp\/v2\/comments?post=807"}],"version-history":[{"count":37,"href":"http:\/\/chadichabib.com\/en\/wp-json\/wp\/v2\/pages\/807\/revisions"}],"predecessor-version":[{"id":1379,"href":"http:\/\/chadichabib.com\/en\/wp-json\/wp\/v2\/pages\/807\/revisions\/1379"}],"wp:featuredmedia":[{"embeddable":true,"href":"http:\/\/chadichabib.com\/en\/wp-json\/wp\/v2\/media\/661"}],"wp:attachment":[{"href":"http:\/\/chadichabib.com\/en\/wp-json\/wp\/v2\/media?parent=807"}],"curies":[{"name":"wp","href":"https:\/\/api.w.org\/{rel}","templated":true}]}}